{"id":1772,"date":"2025-08-04T02:18:22","date_gmt":"2025-08-04T02:18:22","guid":{"rendered":"https:\/\/consciousli.com\/?page_id=1772"},"modified":"2025-08-04T20:57:48","modified_gmt":"2025-08-04T20:57:48","slug":"tattoo-booking","status":"publish","type":"page","link":"https:\/\/consciousli.com\/pt\/tattoo-booking\/","title":{"rendered":"Marcar tattoo"},"content":{"rendered":"<div data-elementor-type=\"wp-page\" data-elementor-id=\"1772\" class=\"elementor elementor-1772\">\n\t\t\t\t\t\t<section class=\"elementor-section elementor-top-section elementor-element elementor-element-158f67f elementor-section-boxed elementor-section-height-default elementor-section-height-default\" data-id=\"158f67f\" data-element_type=\"section\" data-e-type=\"section\">\n\t\t\t\t\t\t<div class=\"elementor-container elementor-column-gap-default\">\n\t\t\t\t\t<div class=\"elementor-column elementor-col-50 elementor-top-column elementor-element elementor-element-e3b1a28\" data-id=\"e3b1a28\" data-element_type=\"column\" data-e-type=\"column\">\n\t\t\t<div class=\"elementor-widget-wrap elementor-element-populated\">\n\t\t\t\t\t\t<div class=\"elementor-element elementor-element-94ce8ce elementor-widget elementor-widget-image\" data-id=\"94ce8ce\" data-element_type=\"widget\" data-e-type=\"widget\" data-widget_type=\"image.default\">\n\t\t\t\t<div class=\"elementor-widget-container\">\n\t\t\t\t\t\t\t\t\t\t\t\t\t\t\t<img decoding=\"async\" src=\"https:\/\/consciousli.com\/wp-content\/uploads\/elementor\/thumbs\/IMG_20230210_153317-scaled-r53s9g2n2swdeogtbaub0mflbemwu706yai1mpln80.jpg\" title=\"IMG_20230210_153317\" alt=\"price request handpoked tattoo\" loading=\"lazy\" \/>\t\t\t\t\t\t\t\t\t\t\t\t\t\t\t<\/div>\n\t\t\t\t<\/div>\n\t\t\t\t<div class=\"elementor-element elementor-element-79866b7 elementor-align-center elementor-widget elementor-widget-button\" data-id=\"79866b7\" data-element_type=\"widget\" data-e-type=\"widget\" data-widget_type=\"button.default\">\n\t\t\t\t<div class=\"elementor-widget-container\">\n\t\t\t\t\t\t\t\t\t<div class=\"elementor-button-wrapper\">\n\t\t\t\t\t<a class=\"elementor-button elementor-button-link elementor-size-sm\" href=\"mailto:tattoos@consciousli.com\" target=\"_blank\">\n\t\t\t\t\t\t<span class=\"elementor-button-content-wrapper\">\n\t\t\t\t\t\t\t\t\t<span class=\"elementor-button-text\">Marcar tattoo<\/span>\n\t\t\t\t\t<\/span>\n\t\t\t\t\t<\/a>\n\t\t\t\t<\/div>\n\t\t\t\t\t\t\t\t<\/div>\n\t\t\t\t<\/div>\n\t\t\t\t\t<\/div>\n\t\t<\/div>\n\t\t\t\t<div class=\"elementor-column elementor-col-50 elementor-top-column elementor-element elementor-element-797ce4c\" data-id=\"797ce4c\" data-element_type=\"column\" data-e-type=\"column\">\n\t\t\t<div class=\"elementor-widget-wrap elementor-element-populated\">\n\t\t\t\t\t\t<div class=\"elementor-element elementor-element-df13591 elementor-widget elementor-widget-heading\" data-id=\"df13591\" data-element_type=\"widget\" data-e-type=\"widget\" data-widget_type=\"heading.default\">\n\t\t\t\t<div class=\"elementor-widget-container\">\n\t\t\t\t\t<h2 class=\"elementor-heading-title elementor-size-default\">Bora tatuar?! :)<\/h2>\t\t\t\t<\/div>\n\t\t\t\t<\/div>\n\t\t\t\t<div class=\"elementor-element elementor-element-054f692 elementor-widget__width-initial elementor-widget elementor-widget-text-editor\" data-id=\"054f692\" data-element_type=\"widget\" data-e-type=\"widget\" data-widget_type=\"text-editor.default\">\n\t\t\t\t<div class=\"elementor-widget-container\">\n\t\t\t\t\t\t\t\t\t<p style=\"font-family: Alegreya, sans-serif; font-size: 14px;\">Para receber um or\u00e7amento por favor envia-me um e-mail com os seguintes informa\u00e7\u00f5es:<\/p><p style=\"font-family: Alegreya, sans-serif; font-size: 14px;\">\u2013 O desenho flash que escolheu ou a sua ideia* (inclua imagens de refer\u00eancia), a localiza\u00e7\u00e3o e o tamanho.<br \/>\u2013 A localiza\u00e7\u00e3o onde vai querer a tattoo<br \/>\u2013 O tamanho<br \/>\u2013 Se estiver c\u00e1 s\u00f3 durante pouco tempo por favor inclua as datas!<\/p><p style=\"font-family: Alegreya, sans-serif; font-size: 14px;\">*Para desenhos personalizados, consulte <a href=\"https:\/\/consciousli.com\/pt\/tattoo-2\/\">meu trabalho<\/a> e <a href=\"http:\/\/instagram.com\/consciousli.tattoo\">desenhos<\/a> para ver se a sua ideia se encaixa no meu estilo :)\u00a0<br \/>N\u00e3o copio desenhos e cada desenho estar\u00e1 tatuado s\u00f3 uma vez.<\/p><p style=\"font-family: Alegreya, sans-serif; font-size: 14px;\"><span style=\"text-decoration-line: underline;\"><span style=\"font-weight: bolder;\"><a href=\"mailto:tattoos@consciousli.com\">tattoos@consciousli.com<\/a><\/span><\/span><\/p>\t\t\t\t\t\t\t\t<\/div>\n\t\t\t\t<\/div>\n\t\t\t\t\t<\/div>\n\t\t<\/div>\n\t\t\t\t\t<\/div>\n\t\t<\/section>\n\t\t\t\t<section class=\"elementor-section elementor-top-section elementor-element elementor-element-0493549 elementor-section-boxed elementor-section-height-default elementor-section-height-default\" data-id=\"0493549\" data-element_type=\"section\" data-e-type=\"section\">\n\t\t\t\t\t\t<div class=\"elementor-container elementor-column-gap-default\">\n\t\t\t\t\t<div class=\"elementor-column elementor-col-100 elementor-top-column elementor-element elementor-element-1f7b60c\" data-id=\"1f7b60c\" data-element_type=\"column\" data-e-type=\"column\">\n\t\t\t<div class=\"elementor-widget-wrap elementor-element-populated\">\n\t\t\t\t\t\t<div class=\"elementor-element elementor-element-45b0053 elementor-widget elementor-widget-text-editor\" data-id=\"45b0053\" data-element_type=\"widget\" data-e-type=\"widget\" data-widget_type=\"text-editor.default\">\n\t\t\t\t<div class=\"elementor-widget-container\">\n\t\t\t\t\t\t\t\t\t<p>Para perguntas, tamb\u00e9m pode escrever-me pelo WhatsApp, mas lembre-se de que a solicita\u00e7\u00e3o de pre\u00e7o deve ser enviada por e-mail! :)<\/p>\t\t\t\t\t\t\t\t<\/div>\n\t\t\t\t<\/div>\n\t\t\t\t\t<\/div>\n\t\t<\/div>\n\t\t\t\t\t<\/div>\n\t\t<\/section>\n\t\t\t\t<section class=\"elementor-section elementor-top-section elementor-element elementor-element-b6ac6a8 elementor-section-boxed elementor-section-height-default elementor-section-height-default\" data-id=\"b6ac6a8\" data-element_type=\"section\" data-e-type=\"section\">\n\t\t\t\t\t\t<div class=\"elementor-container elementor-column-gap-default\">\n\t\t\t\t\t<div class=\"elementor-column elementor-col-100 elementor-top-column elementor-element elementor-element-076d5ac\" data-id=\"076d5ac\" data-element_type=\"column\" data-e-type=\"column\">\n\t\t\t<div class=\"elementor-widget-wrap elementor-element-populated\">\n\t\t\t\t\t\t<div class=\"elementor-element elementor-element-ecda4c0 elementor-widget-divider--view-line elementor-widget elementor-widget-divider\" data-id=\"ecda4c0\" data-element_type=\"widget\" data-e-type=\"widget\" data-widget_type=\"divider.default\">\n\t\t\t\t<div class=\"elementor-widget-container\">\n\t\t\t\t\t\t\t<div class=\"elementor-divider\">\n\t\t\t<span class=\"elementor-divider-separator\">\n\t\t\t\t\t\t<\/span>\n\t\t<\/div>\n\t\t\t\t\t\t<\/div>\n\t\t\t\t<\/div>\n\t\t\t\t\t<\/div>\n\t\t<\/div>\n\t\t\t\t\t<\/div>\n\t\t<\/section>\n\t\t\t\t<section class=\"elementor-section elementor-top-section elementor-element elementor-element-1074dbe elementor-section-boxed elementor-section-height-default elementor-section-height-default\" data-id=\"1074dbe\" data-element_type=\"section\" data-e-type=\"section\">\n\t\t\t\t\t\t<div class=\"elementor-container elementor-column-gap-default\">\n\t\t\t\t\t<div class=\"elementor-column elementor-col-25 elementor-top-column elementor-element elementor-element-1858492\" data-id=\"1858492\" data-element_type=\"column\" data-e-type=\"column\">\n\t\t\t<div class=\"elementor-widget-wrap elementor-element-populated\">\n\t\t\t\t\t\t<div class=\"elementor-element elementor-element-3d116f2 elementor-widget elementor-widget-heading\" data-id=\"3d116f2\" data-element_type=\"widget\" data-e-type=\"widget\" data-widget_type=\"heading.default\">\n\t\t\t\t<div class=\"elementor-widget-container\">\n\t\t\t\t\t<h2 class=\"elementor-heading-title elementor-size-default\">Hor\u00e1rio de funcionamento<\/h2>\t\t\t\t<\/div>\n\t\t\t\t<\/div>\n\t\t\t\t<div class=\"elementor-element elementor-element-ab3ae82 elementor-widget elementor-widget-text-editor\" data-id=\"ab3ae82\" data-element_type=\"widget\" data-e-type=\"widget\" data-widget_type=\"text-editor.default\">\n\t\t\t\t<div class=\"elementor-widget-container\">\n\t\t\t\t\t\t\t\t\t<p><span style=\"font-size: 1rem;\">Somente com marca\u00e7\u00e3o<\/span><\/p>\t\t\t\t\t\t\t\t<\/div>\n\t\t\t\t<\/div>\n\t\t\t\t\t<\/div>\n\t\t<\/div>\n\t\t\t\t<div class=\"elementor-column elementor-col-25 elementor-top-column elementor-element elementor-element-8981875\" data-id=\"8981875\" data-element_type=\"column\" data-e-type=\"column\">\n\t\t\t<div class=\"elementor-widget-wrap elementor-element-populated\">\n\t\t\t\t\t\t<div class=\"elementor-element elementor-element-13133a9 elementor-shape-circle e-grid-align-left elementor-widget__width-initial elementor-grid-0 elementor-widget elementor-widget-social-icons\" data-id=\"13133a9\" data-element_type=\"widget\" data-e-type=\"widget\" data-widget_type=\"social-icons.default\">\n\t\t\t\t<div class=\"elementor-widget-container\">\n\t\t\t\t\t\t\t<div class=\"elementor-social-icons-wrapper elementor-grid\" role=\"list\">\n\t\t\t\t\t\t\t<span class=\"elementor-grid-item\" role=\"listitem\">\n\t\t\t\t\t<a class=\"elementor-icon elementor-social-icon elementor-social-icon-envelope elementor-repeater-item-ac986b2\" href=\"mailto:tattoos@consciousli.com\" target=\"_blank\">\n\t\t\t\t\t\t<span class=\"elementor-screen-only\">Envelope<\/span>\n\t\t\t\t\t\t<i aria-hidden=\"true\" class=\"far fa-envelope\"><\/i>\t\t\t\t\t<\/a>\n\t\t\t\t<\/span>\n\t\t\t\t\t\t\t<span class=\"elementor-grid-item\" role=\"listitem\">\n\t\t\t\t\t<a class=\"elementor-icon elementor-social-icon elementor-social-icon-whatsapp elementor-repeater-item-34b255e\" href=\"https:\/\/wa.me\/+351917482144\" target=\"_blank\">\n\t\t\t\t\t\t<span class=\"elementor-screen-only\">Whatsapp<\/span>\n\t\t\t\t\t\t<i aria-hidden=\"true\" class=\"fab fa-whatsapp\"><\/i>\t\t\t\t\t<\/a>\n\t\t\t\t<\/span>\n\t\t\t\t\t<\/div>\n\t\t\t\t\t\t<\/div>\n\t\t\t\t<\/div>\n\t\t\t\t\t<\/div>\n\t\t<\/div>\n\t\t\t\t<div class=\"elementor-column elementor-col-25 elementor-top-column elementor-element elementor-element-264148b\" data-id=\"264148b\" data-element_type=\"column\" data-e-type=\"column\">\n\t\t\t<div class=\"elementor-widget-wrap elementor-element-populated\">\n\t\t\t\t\t\t<div class=\"elementor-element elementor-element-e6cef5e elementor-widget elementor-widget-heading\" data-id=\"e6cef5e\" data-element_type=\"widget\" data-e-type=\"widget\" data-widget_type=\"heading.default\">\n\t\t\t\t<div class=\"elementor-widget-container\">\n\t\t\t\t\t<h2 class=\"elementor-heading-title elementor-size-default\">Contactos<\/h2>\t\t\t\t<\/div>\n\t\t\t\t<\/div>\n\t\t\t\t<div class=\"elementor-element elementor-element-3a061ad elementor-widget__width-initial elementor-widget elementor-widget-text-editor\" data-id=\"3a061ad\" data-element_type=\"widget\" data-e-type=\"widget\" data-widget_type=\"text-editor.default\">\n\t\t\t\t<div class=\"elementor-widget-container\">\n\t\t\t\t\t\t\t\t\t<p>Entre em contacto comigo por e-mail ou envie-me uma mensagem pelo WhatsApp. Trabalho sozinho, por isso nem sempre posso atender chamadas telef\u00f3nicas. Obrigado pela sua compreens\u00e3o :)\u00a0<\/p><p><a href=\"mailto:tattoos@consciousli.com\">tattoos@consciousli.com<\/a><\/p><p><a href=\"https:\/\/wa.me\/+351917482144\">+351 917 482 144<\/a>\u00a0<\/p>\t\t\t\t\t\t\t\t<\/div>\n\t\t\t\t<\/div>\n\t\t\t\t\t<\/div>\n\t\t<\/div>\n\t\t\t\t<div class=\"elementor-column elementor-col-25 elementor-top-column elementor-element elementor-element-f9bb83c\" data-id=\"f9bb83c\" data-element_type=\"column\" data-e-type=\"column\">\n\t\t\t<div class=\"elementor-widget-wrap elementor-element-populated\">\n\t\t\t\t\t\t<div class=\"elementor-element elementor-element-f3d558a elementor-shape-circle elementor-widget__width-initial elementor-grid-0 e-grid-align-center elementor-widget elementor-widget-social-icons\" data-id=\"f3d558a\" data-element_type=\"widget\" data-e-type=\"widget\" data-widget_type=\"social-icons.default\">\n\t\t\t\t<div class=\"elementor-widget-container\">\n\t\t\t\t\t\t\t<div class=\"elementor-social-icons-wrapper elementor-grid\" role=\"list\">\n\t\t\t\t\t\t\t<span class=\"elementor-grid-item\" role=\"listitem\">\n\t\t\t\t\t<a class=\"elementor-icon elementor-social-icon elementor-social-icon-instagram elementor-repeater-item-8e92389\" href=\"https:\/\/www.instagram.com\/consciousli.tattoo\" target=\"_blank\">\n\t\t\t\t\t\t<span class=\"elementor-screen-only\">Instagram<\/span>\n\t\t\t\t\t\t<i aria-hidden=\"true\" class=\"fab fa-instagram\"><\/i>\t\t\t\t\t<\/a>\n\t\t\t\t<\/span>\n\t\t\t\t\t\t\t<span class=\"elementor-grid-item\" role=\"listitem\">\n\t\t\t\t\t<a class=\"elementor-icon elementor-social-icon elementor-social-icon-facebook elementor-repeater-item-2431a83\" href=\"https:\/\/www.facebook.com\/consciousli.tattoo\" target=\"_blank\">\n\t\t\t\t\t\t<span class=\"elementor-screen-only\">Facebook<\/span>\n\t\t\t\t\t\t<i aria-hidden=\"true\" class=\"fab fa-facebook\"><\/i>\t\t\t\t\t<\/a>\n\t\t\t\t<\/span>\n\t\t\t\t\t<\/div>\n\t\t\t\t\t\t<\/div>\n\t\t\t\t<\/div>\n\t\t\t\t\t<\/div>\n\t\t<\/div>\n\t\t\t\t\t<\/div>\n\t\t<\/section>\n\t\t\t\t<\/div>","protected":false},"excerpt":{"rendered":"<p>Book tattoo Let&#8217;s tattoo?! \ud83d\ude42 For a price request please e-mail me with the following info: &#8211; The flash design you picked or your idea* (please include reference images)&#8211; The location where you want the tattoo&#8211; The size&#8211; If you&#8217;re around only for a limited time please include the dates! *For personalised designs please have [&hellip;]<\/p>\n","protected":false},"author":2,"featured_media":0,"parent":0,"menu_order":0,"comment_status":"closed","ping_status":"closed","template":"","meta":{"_themeisle_gutenberg_block_has_review":false,"footnotes":""},"class_list":["post-1772","page","type-page","status-publish","hentry"],"yoast_head":"<!-- This site is optimized with the Yoast SEO plugin v27.5 - https:\/\/yoast.com\/product\/yoast-seo-wordpress\/ -->\n<title>Price request - Book tattoo - Consciousli Handpoked Tattoos<\/title>\n<meta name=\"description\" content=\"Here you can find all the information you need for a price request and booking your handpoked tattoo in Algarve.\" \/>\n<meta name=\"robots\" content=\"index, follow, max-snippet:-1, max-image-preview:large, max-video-preview:-1\" \/>\n<link rel=\"canonical\" href=\"https:\/\/consciousli.com\/pt\/tattoo-booking\/\" \/>\n<meta property=\"og:locale\" content=\"pt_PT\" \/>\n<meta property=\"og:type\" content=\"article\" \/>\n<meta property=\"og:title\" content=\"Price request - Book tattoo - Consciousli Handpoked Tattoos\" \/>\n<meta property=\"og:description\" content=\"Here you can find all the information you need for a price request and booking your handpoked tattoo in Algarve.\" \/>\n<meta property=\"og:url\" content=\"https:\/\/consciousli.com\/pt\/tattoo-booking\/\" \/>\n<meta property=\"og:site_name\" content=\"Consciousli\" \/>\n<meta property=\"article:modified_time\" content=\"2025-08-04T20:57:48+00:00\" \/>\n<meta property=\"og:image\" content=\"https:\/\/consciousli.com\/wp-content\/uploads\/elementor\/thumbs\/IMG_20230210_153317-scaled-r53s9g2n2swdeogtbaub0mflbemwu706yai1mpln80.jpg\" \/>\n<meta name=\"twitter:card\" content=\"summary_large_image\" \/>\n<meta name=\"twitter:label1\" content=\"Tempo estimado de leitura\" \/>\n\t<meta name=\"twitter:data1\" content=\"1 minuto\" \/>\n<script type=\"application\/ld+json\" class=\"yoast-schema-graph\">{\"@context\":\"https:\\\/\\\/schema.org\",\"@graph\":[{\"@type\":\"WebPage\",\"@id\":\"https:\\\/\\\/consciousli.com\\\/tattoo-booking\\\/\",\"url\":\"https:\\\/\\\/consciousli.com\\\/tattoo-booking\\\/\",\"name\":\"Price request - Book tattoo - Consciousli Handpoked Tattoos\",\"isPartOf\":{\"@id\":\"https:\\\/\\\/consciousli.com\\\/#website\"},\"primaryImageOfPage\":{\"@id\":\"https:\\\/\\\/consciousli.com\\\/tattoo-booking\\\/#primaryimage\"},\"image\":{\"@id\":\"https:\\\/\\\/consciousli.com\\\/tattoo-booking\\\/#primaryimage\"},\"thumbnailUrl\":\"https:\\\/\\\/consciousli.com\\\/wp-content\\\/uploads\\\/elementor\\\/thumbs\\\/IMG_20230210_153317-scaled-r53s9g2n2swdeogtbaub0mflbemwu706yai1mpln80.jpg\",\"datePublished\":\"2025-08-04T02:18:22+00:00\",\"dateModified\":\"2025-08-04T20:57:48+00:00\",\"description\":\"Here you can find all the information you need for a price request and booking your handpoked tattoo in Algarve.\",\"breadcrumb\":{\"@id\":\"https:\\\/\\\/consciousli.com\\\/tattoo-booking\\\/#breadcrumb\"},\"inLanguage\":\"pt-PT\",\"potentialAction\":[{\"@type\":\"ReadAction\",\"target\":[\"https:\\\/\\\/consciousli.com\\\/tattoo-booking\\\/\"]}]},{\"@type\":\"ImageObject\",\"inLanguage\":\"pt-PT\",\"@id\":\"https:\\\/\\\/consciousli.com\\\/tattoo-booking\\\/#primaryimage\",\"url\":\"https:\\\/\\\/consciousli.com\\\/wp-content\\\/uploads\\\/elementor\\\/thumbs\\\/IMG_20230210_153317-scaled-r53s9g2n2swdeogtbaub0mflbemwu706yai1mpln80.jpg\",\"contentUrl\":\"https:\\\/\\\/consciousli.com\\\/wp-content\\\/uploads\\\/elementor\\\/thumbs\\\/IMG_20230210_153317-scaled-r53s9g2n2swdeogtbaub0mflbemwu706yai1mpln80.jpg\"},{\"@type\":\"BreadcrumbList\",\"@id\":\"https:\\\/\\\/consciousli.com\\\/tattoo-booking\\\/#breadcrumb\",\"itemListElement\":[{\"@type\":\"ListItem\",\"position\":1,\"name\":\"Home\",\"item\":\"https:\\\/\\\/consciousli.com\\\/\"},{\"@type\":\"ListItem\",\"position\":2,\"name\":\"Book tattoo\"}]},{\"@type\":\"WebSite\",\"@id\":\"https:\\\/\\\/consciousli.com\\\/#website\",\"url\":\"https:\\\/\\\/consciousli.com\\\/\",\"name\":\"Consciousli\",\"description\":\"\",\"publisher\":{\"@id\":\"https:\\\/\\\/consciousli.com\\\/#organization\"},\"potentialAction\":[{\"@type\":\"SearchAction\",\"target\":{\"@type\":\"EntryPoint\",\"urlTemplate\":\"https:\\\/\\\/consciousli.com\\\/?s={search_term_string}\"},\"query-input\":{\"@type\":\"PropertyValueSpecification\",\"valueRequired\":true,\"valueName\":\"search_term_string\"}}],\"inLanguage\":\"pt-PT\"},{\"@type\":\"Organization\",\"@id\":\"https:\\\/\\\/consciousli.com\\\/#organization\",\"name\":\"Consciousli\",\"url\":\"https:\\\/\\\/consciousli.com\\\/\",\"logo\":{\"@type\":\"ImageObject\",\"inLanguage\":\"pt-PT\",\"@id\":\"https:\\\/\\\/consciousli.com\\\/#\\\/schema\\\/logo\\\/image\\\/\",\"url\":\"https:\\\/\\\/consciousli.com\\\/wp-content\\\/uploads\\\/2022\\\/12\\\/Untitled-design-6-scaled-e1753966706740.png\",\"contentUrl\":\"https:\\\/\\\/consciousli.com\\\/wp-content\\\/uploads\\\/2022\\\/12\\\/Untitled-design-6-scaled-e1753966706740.png\",\"width\":500,\"height\":400,\"caption\":\"Consciousli\"},\"image\":{\"@id\":\"https:\\\/\\\/consciousli.com\\\/#\\\/schema\\\/logo\\\/image\\\/\"}}]}<\/script>\n<!-- \/ Yoast SEO plugin. -->","yoast_head_json":{"title":"Price request - Book tattoo - Consciousli Handpoked Tattoos","description":"Here you can find all the information you need for a price request and booking your handpoked tattoo in Algarve.","robots":{"index":"index","follow":"follow","max-snippet":"max-snippet:-1","max-image-preview":"max-image-preview:large","max-video-preview":"max-video-preview:-1"},"canonical":"https:\/\/consciousli.com\/pt\/tattoo-booking\/","og_locale":"pt_PT","og_type":"article","og_title":"Price request - Book tattoo - Consciousli Handpoked Tattoos","og_description":"Here you can find all the information you need for a price request and booking your handpoked tattoo in Algarve.","og_url":"https:\/\/consciousli.com\/pt\/tattoo-booking\/","og_site_name":"Consciousli","article_modified_time":"2025-08-04T20:57:48+00:00","og_image":[{"url":"https:\/\/consciousli.com\/wp-content\/uploads\/elementor\/thumbs\/IMG_20230210_153317-scaled-r53s9g2n2swdeogtbaub0mflbemwu706yai1mpln80.jpg","type":"","width":"","height":""}],"twitter_card":"summary_large_image","twitter_misc":{"Tempo estimado de leitura":"1 minuto"},"schema":{"@context":"https:\/\/schema.org","@graph":[{"@type":"WebPage","@id":"https:\/\/consciousli.com\/tattoo-booking\/","url":"https:\/\/consciousli.com\/tattoo-booking\/","name":"Price request - Book tattoo - Consciousli Handpoked Tattoos","isPartOf":{"@id":"https:\/\/consciousli.com\/#website"},"primaryImageOfPage":{"@id":"https:\/\/consciousli.com\/tattoo-booking\/#primaryimage"},"image":{"@id":"https:\/\/consciousli.com\/tattoo-booking\/#primaryimage"},"thumbnailUrl":"https:\/\/consciousli.com\/wp-content\/uploads\/elementor\/thumbs\/IMG_20230210_153317-scaled-r53s9g2n2swdeogtbaub0mflbemwu706yai1mpln80.jpg","datePublished":"2025-08-04T02:18:22+00:00","dateModified":"2025-08-04T20:57:48+00:00","description":"Here you can find all the information you need for a price request and booking your handpoked tattoo in Algarve.","breadcrumb":{"@id":"https:\/\/consciousli.com\/tattoo-booking\/#breadcrumb"},"inLanguage":"pt-PT","potentialAction":[{"@type":"ReadAction","target":["https:\/\/consciousli.com\/tattoo-booking\/"]}]},{"@type":"ImageObject","inLanguage":"pt-PT","@id":"https:\/\/consciousli.com\/tattoo-booking\/#primaryimage","url":"https:\/\/consciousli.com\/wp-content\/uploads\/elementor\/thumbs\/IMG_20230210_153317-scaled-r53s9g2n2swdeogtbaub0mflbemwu706yai1mpln80.jpg","contentUrl":"https:\/\/consciousli.com\/wp-content\/uploads\/elementor\/thumbs\/IMG_20230210_153317-scaled-r53s9g2n2swdeogtbaub0mflbemwu706yai1mpln80.jpg"},{"@type":"BreadcrumbList","@id":"https:\/\/consciousli.com\/tattoo-booking\/#breadcrumb","itemListElement":[{"@type":"ListItem","position":1,"name":"Home","item":"https:\/\/consciousli.com\/"},{"@type":"ListItem","position":2,"name":"Book tattoo"}]},{"@type":"WebSite","@id":"https:\/\/consciousli.com\/#website","url":"https:\/\/consciousli.com\/","name":"Consciousli","description":"","publisher":{"@id":"https:\/\/consciousli.com\/#organization"},"potentialAction":[{"@type":"SearchAction","target":{"@type":"EntryPoint","urlTemplate":"https:\/\/consciousli.com\/?s={search_term_string}"},"query-input":{"@type":"PropertyValueSpecification","valueRequired":true,"valueName":"search_term_string"}}],"inLanguage":"pt-PT"},{"@type":"Organization","@id":"https:\/\/consciousli.com\/#organization","name":"Consciousli","url":"https:\/\/consciousli.com\/","logo":{"@type":"ImageObject","inLanguage":"pt-PT","@id":"https:\/\/consciousli.com\/#\/schema\/logo\/image\/","url":"https:\/\/consciousli.com\/wp-content\/uploads\/2022\/12\/Untitled-design-6-scaled-e1753966706740.png","contentUrl":"https:\/\/consciousli.com\/wp-content\/uploads\/2022\/12\/Untitled-design-6-scaled-e1753966706740.png","width":500,"height":400,"caption":"Consciousli"},"image":{"@id":"https:\/\/consciousli.com\/#\/schema\/logo\/image\/"}}]}},"_links":{"self":[{"href":"https:\/\/consciousli.com\/pt\/wp-json\/wp\/v2\/pages\/1772","targetHints":{"allow":["GET"]}}],"collection":[{"href":"https:\/\/consciousli.com\/pt\/wp-json\/wp\/v2\/pages"}],"about":[{"href":"https:\/\/consciousli.com\/pt\/wp-json\/wp\/v2\/types\/page"}],"author":[{"embeddable":true,"href":"https:\/\/consciousli.com\/pt\/wp-json\/wp\/v2\/users\/2"}],"replies":[{"embeddable":true,"href":"https:\/\/consciousli.com\/pt\/wp-json\/wp\/v2\/comments?post=1772"}],"version-history":[{"count":20,"href":"https:\/\/consciousli.com\/pt\/wp-json\/wp\/v2\/pages\/1772\/revisions"}],"predecessor-version":[{"id":1917,"href":"https:\/\/consciousli.com\/pt\/wp-json\/wp\/v2\/pages\/1772\/revisions\/1917"}],"wp:attachment":[{"href":"https:\/\/consciousli.com\/pt\/wp-json\/wp\/v2\/media?parent=1772"}],"curies":[{"name":"wp","href":"https:\/\/api.w.org\/{rel}","templated":true}]}}